{"id":112,"date":"2023-12-21T10:29:22","date_gmt":"2023-12-21T10:29:22","guid":{"rendered":"https:\/\/evisa.xpressbuddy.com\/?page_id=112"},"modified":"2024-11-29T17:44:53","modified_gmt":"2024-11-29T14:44:53","slug":"iletisim","status":"publish","type":"page","link":"https:\/\/gmgate.com.tr\/de\/iletisim\/","title":{"rendered":"Kontakt"},"content":{"rendered":"<div data-elementor-type=\"wp-page\" data-elementor-id=\"112\" class=\"elementor elementor-112\">\n\t\t\t\t\t\t<section class=\"elementor-section elementor-top-section elementor-element elementor-element-20ab56f elementor-section-boxed elementor-section-height-default elementor-section-height-default\" data-id=\"20ab56f\" data-element_type=\"section\" data-e-type=\"section\">\n\t\t\t\t\t\t<div class=\"elementor-container elementor-column-gap-default\">\n\t\t\t\t\t<div class=\"elementor-column elementor-col-50 elementor-top-column elementor-element elementor-element-92c937c\" data-id=\"92c937c\" data-element_type=\"column\" data-e-type=\"column\">\n\t\t\t<div class=\"elementor-widget-wrap elementor-element-populated\">\n\t\t\t\t\t\t<div class=\"elementor-element elementor-element-97be1a4 elementor-widget elementor-widget-int-contact-info\" data-id=\"97be1a4\" data-element_type=\"widget\" data-e-type=\"widget\" data-widget_type=\"int-contact-info.default\">\n\t\t\t\t<div class=\"elementor-widget-container\">\n\t\t\t\t\t\r\n        <div class=\"xb-contact-info text-center\">\r\n            <div class=\"xb-item--flag\">\r\n                <img fetchpriority=\"high\" decoding=\"async\" width=\"300\" height=\"300\" src=\"https:\/\/gmgate.com.tr\/wp-content\/uploads\/2024\/07\/tr-circle-01-300x300.png\" class=\"attachment-medium size-medium\" alt=\"\" srcset=\"https:\/\/gmgate.com.tr\/wp-content\/uploads\/2024\/07\/tr-circle-01-300x300.png 300w, https:\/\/gmgate.com.tr\/wp-content\/uploads\/2024\/07\/tr-circle-01-150x150.png 150w, https:\/\/gmgate.com.tr\/wp-content\/uploads\/2024\/07\/tr-circle-01.png 500w\" sizes=\"(max-width: 300px) 100vw, 300px\" title=\"\">            <\/div>\r\n                            <h3 class=\"xb-item--title\"><a href=\"#\">Izmir, TR<\/a><\/h3>\r\n                                        <div class=\"xb-item--content\">\r\n                    Konak, IZMIR <br><br>\n+90 531 241 95 45<br><br>\ninfo@gmgate.com.tr                <\/div>\r\n                    <\/div>\r\n        \t\t\t\t<\/div>\n\t\t\t\t<\/div>\n\t\t\t\t<div class=\"elementor-element elementor-element-2765839 elementor-widget elementor-widget-google_maps\" data-id=\"2765839\" data-element_type=\"widget\" data-e-type=\"widget\" data-widget_type=\"google_maps.default\">\n\t\t\t\t<div class=\"elementor-widget-container\">\n\t\t\t\t\t\t\t<div class=\"elementor-custom-embed\">\n\t\t\t<iframe loading=\"lazy\"\n\t\t\t\t\tsrc=\"https:\/\/maps.google.com\/maps?q=%C4%B0zmir&#038;t=m&#038;z=16&#038;output=embed&#038;iwloc=near\"\n\t\t\t\t\ttitle=\"Izmir\"\n\t\t\t\t\taria-label=\"Izmir\"\n\t\t\t><\/iframe>\n\t\t<\/div>\n\t\t\t\t\t\t<\/div>\n\t\t\t\t<\/div>\n\t\t\t\t\t<\/div>\n\t\t<\/div>\n\t\t\t\t<div class=\"elementor-column elementor-col-50 elementor-top-column elementor-element elementor-element-70bc661\" data-id=\"70bc661\" data-element_type=\"column\" data-e-type=\"column\">\n\t\t\t<div class=\"elementor-widget-wrap elementor-element-populated\">\n\t\t\t\t\t\t<div class=\"elementor-element elementor-element-7dec6ab elementor-widget elementor-widget-int-contact-info\" data-id=\"7dec6ab\" data-element_type=\"widget\" data-e-type=\"widget\" data-widget_type=\"int-contact-info.default\">\n\t\t\t\t<div class=\"elementor-widget-container\">\n\t\t\t\t\t\r\n        <div class=\"xb-contact-info text-center\">\r\n            <div class=\"xb-item--flag\">\r\n                <img decoding=\"async\" width=\"71\" height=\"71\" src=\"https:\/\/gmgate.com.tr\/wp-content\/uploads\/2023\/12\/trv_flag_01.png\" class=\"attachment-medium size-medium\" alt=\"\" title=\"\">            <\/div>\r\n                            <h3 class=\"xb-item--title\"><a href=\"#\">Braunschweig, DE<\/a><\/h3>\r\n                                        <div class=\"xb-item--content\">\r\n                    Braunschweig, DE<br><br>\n+49 176 61 60 63 50<br><br>\ninfo@gmgate.de                <\/div>\r\n                    <\/div>\r\n        \t\t\t\t<\/div>\n\t\t\t\t<\/div>\n\t\t\t\t<div class=\"elementor-element elementor-element-1f2d5f7 elementor-widget elementor-widget-google_maps\" data-id=\"1f2d5f7\" data-element_type=\"widget\" data-e-type=\"widget\" data-widget_type=\"google_maps.default\">\n\t\t\t\t<div class=\"elementor-widget-container\">\n\t\t\t\t\t\t\t<div class=\"elementor-custom-embed\">\n\t\t\t<iframe loading=\"lazy\"\n\t\t\t\t\tsrc=\"https:\/\/maps.google.com\/maps?q=Almanya&#038;t=m&#038;z=16&#038;output=embed&#038;iwloc=near\"\n\t\t\t\t\ttitle=\"Deutschland\"\n\t\t\t\t\taria-label=\"Deutschland\"\n\t\t\t><\/iframe>\n\t\t<\/div>\n\t\t\t\t\t\t<\/div>\n\t\t\t\t<\/div>\n\t\t\t\t\t<\/div>\n\t\t<\/div>\n\t\t\t\t\t<\/div>\n\t\t<\/section>\n\t\t\t\t<\/div>","protected":false},"excerpt":{"rendered":"<p>\u0130zmir, TR Konak, \u0130ZM\u0130R +90 531 241 95 45 info@gmgate.com.tr Braunschweig, DE Braunschweig, DE +49 176 61 60 63 50 info@gmgate.de<\/p>","protected":false},"author":1,"featured_media":0,"parent":0,"menu_order":0,"comment_status":"closed","ping_status":"closed","template":"evisa-template.php","meta":{"inline_featured_image":false,"footnotes":""},"class_list":["post-112","page","type-page","status-publish","hentry"],"_links":{"self":[{"href":"https:\/\/gmgate.com.tr\/de\/wp-json\/wp\/v2\/pages\/112","targetHints":{"allow":["GET"]}}],"collection":[{"href":"https:\/\/gmgate.com.tr\/de\/wp-json\/wp\/v2\/pages"}],"about":[{"href":"https:\/\/gmgate.com.tr\/de\/wp-json\/wp\/v2\/types\/page"}],"author":[{"embeddable":true,"href":"https:\/\/gmgate.com.tr\/de\/wp-json\/wp\/v2\/users\/1"}],"replies":[{"embeddable":true,"href":"https:\/\/gmgate.com.tr\/de\/wp-json\/wp\/v2\/comments?post=112"}],"version-history":[{"count":18,"href":"https:\/\/gmgate.com.tr\/de\/wp-json\/wp\/v2\/pages\/112\/revisions"}],"predecessor-version":[{"id":2765,"href":"https:\/\/gmgate.com.tr\/de\/wp-json\/wp\/v2\/pages\/112\/revisions\/2765"}],"wp:attachment":[{"href":"https:\/\/gmgate.com.tr\/de\/wp-json\/wp\/v2\/media?parent=112"}],"curies":[{"name":"wp","href":"https:\/\/api.w.org\/{rel}","templated":true}]}}