{"id":2465,"date":"2024-07-16T14:23:17","date_gmt":"2024-07-16T11:23:17","guid":{"rendered":"http:\/\/gmgate.zerowebdemo.com\/?page_id=2465"},"modified":"2024-11-29T17:43:22","modified_gmt":"2024-11-29T14:43:22","slug":"ilanlar","status":"publish","type":"page","link":"https:\/\/gmgate.com.tr\/de\/ilanlar\/","title":{"rendered":"Kleinanzeigen"},"content":{"rendered":"<div data-elementor-type=\"wp-page\" data-elementor-id=\"2465\" class=\"elementor elementor-2465\">\n\t\t\t\t\t\t<section class=\"elementor-section elementor-top-section elementor-element elementor-element-325e067 elementor-section-boxed elementor-section-height-default elementor-section-height-default\" data-id=\"325e067\" data-element_type=\"section\" data-e-type=\"section\">\n\t\t\t\t\t\t<div class=\"elementor-container elementor-column-gap-default\">\n\t\t\t\t\t<div class=\"elementor-column elementor-col-50 elementor-top-column elementor-element elementor-element-dfb5f1d\" data-id=\"dfb5f1d\" data-element_type=\"column\" data-e-type=\"column\">\n\t\t\t<div class=\"elementor-widget-wrap elementor-element-populated\">\n\t\t\t\t\t\t<div class=\"elementor-element elementor-element-2dc34ac elementor-widget elementor-widget-int-service-v2\" data-id=\"2dc34ac\" data-element_type=\"widget\" data-e-type=\"widget\" data-widget_type=\"int-service-v2.default\">\n\t\t\t\t<div class=\"elementor-widget-container\">\n\t\t\t\t\t        <div class=\"xb-service\">\r\n            <div class=\"xb-item--inner\">\r\n                <div class=\"xb-item--icon mb-50\">\r\n                    <svg xmlns=\"http:\/\/www.w3.org\/2000\/svg\" width=\"32\" height=\"32\" viewbox=\"0 0 32 32\" fill=\"none\"><path d=\"M10.6677 29.3333H21.3344C26.6944 29.3333 27.6544 27.1867 27.9344 24.5733L28.9344 13.9067C29.2944 10.6533 28.3611 8 22.6677 8H9.3344C3.64107 8 2.70774 10.6533 3.06774 13.9067L4.06774 24.5733C4.34774 27.1867 5.30774 29.3333 10.6677 29.3333Z\" stroke=\"white\" stroke-width=\"2\" stroke-miterlimit=\"10\" stroke-linecap=\"round\" stroke-linejoin=\"round\"><\/path><path d=\"M10.6641 8.00033V6.93366C10.6641 4.57366 10.6641 2.66699 14.9307 2.66699H17.0641C21.3307 2.66699 21.3307 4.57366 21.3307 6.93366V8.00033\" stroke=\"white\" stroke-width=\"2\" stroke-miterlimit=\"10\" stroke-linecap=\"round\" stroke-linejoin=\"round\"><\/path><path d=\"M18.6693 17.3333V18.6667C18.6693 18.68 18.6693 18.68 18.6693 18.6933C18.6693 20.1467 18.6559 21.3333 16.0026 21.3333C13.3626 21.3333 13.3359 20.16 13.3359 18.7067V17.3333C13.3359 16 13.3359 16 14.6693 16H17.3359C18.6693 16 18.6693 16 18.6693 17.3333Z\" stroke=\"white\" stroke-width=\"2\" stroke-miterlimit=\"10\" stroke-linecap=\"round\" stroke-linejoin=\"round\"><\/path><path d=\"M28.8641 14.667C25.7841 16.907 22.2641 18.2403 18.6641 18.6937\" stroke=\"white\" stroke-width=\"2\" stroke-miterlimit=\"10\" stroke-linecap=\"round\" stroke-linejoin=\"round\"><\/path><path d=\"M3.49609 15.0264C6.49609 17.0797 9.88276 18.3197 13.3361 18.7064\" stroke=\"white\" stroke-width=\"2\" stroke-miterlimit=\"10\" stroke-linecap=\"round\" stroke-linejoin=\"round\"><\/path><\/svg>                <\/div>\r\n                <div class=\"xb-item--holder\">\r\n                                            <h3 class=\"xb-item--title mb-20\"><a\r\n                                    href=\"https:\/\/gmgate.com.tr\/de\/ilanlar\/is-ilanlari\/\">Stellenausschreibungen<\/a>\r\n                        <\/h3>\r\n                                                                <div class=\"xb-item--description\">\r\n                            Informieren Sie sich \u00fcber Besch\u00e4ftigungsm\u00f6glichkeiten in Deutschland.                        <\/div>\r\n                                    <\/div>\r\n            <\/div>\r\n        <\/div>\r\n        \t\t\t\t<\/div>\n\t\t\t\t<\/div>\n\t\t\t\t\t<\/div>\n\t\t<\/div>\n\t\t\t\t<div class=\"elementor-column elementor-col-50 elementor-top-column elementor-element elementor-element-dec3ddf\" data-id=\"dec3ddf\" data-element_type=\"column\" data-e-type=\"column\">\n\t\t\t<div class=\"elementor-widget-wrap elementor-element-populated\">\n\t\t\t\t\t\t<div class=\"elementor-element elementor-element-74a2044 elementor-widget elementor-widget-int-service-v2\" data-id=\"74a2044\" data-element_type=\"widget\" data-e-type=\"widget\" data-widget_type=\"int-service-v2.default\">\n\t\t\t\t<div class=\"elementor-widget-container\">\n\t\t\t\t\t        <div class=\"xb-service\">\r\n            <div class=\"xb-item--inner\">\r\n                <div class=\"xb-item--icon mb-50\">\r\n                    <svg xmlns=\"http:\/\/www.w3.org\/2000\/svg\" width=\"32\" height=\"32\" viewbox=\"0 0 32 32\" fill=\"none\"><path d=\"M16.665 29.3336H5.43833C3.89167 29.3336 2.625 28.0936 2.625 26.5736V6.78697C2.625 3.29364 5.225 1.70697 8.41167 3.26697L14.3317 6.17364C15.6117 6.8003 16.665 8.46697 16.665 9.8803V29.3336Z\" stroke=\"white\" stroke-width=\"2\" stroke-linecap=\"round\" stroke-linejoin=\"round\"><\/path><path d=\"M29.2946 20.0802V25.1202C29.2946 28.0002 27.9613 29.3336 25.0813 29.3336H16.668V13.8936L17.2946 14.0269L23.2946 15.3736L26.0013 15.9736C27.7613 16.3602 29.2013 17.2669 29.2813 19.8269C29.2946 19.9069 29.2946 19.9869 29.2946 20.0802Z\" stroke=\"white\" stroke-width=\"2\" stroke-linecap=\"round\" stroke-linejoin=\"round\"><\/path><path d=\"M7.33203 12H11.9587\" stroke=\"white\" stroke-width=\"2\" stroke-linecap=\"round\" stroke-linejoin=\"round\"><\/path><path d=\"M7.33203 17.3335H11.9587\" stroke=\"white\" stroke-width=\"2\" stroke-linecap=\"round\" stroke-linejoin=\"round\"><\/path><path d=\"M23.293 15.3735V19.6669C23.293 21.3202 21.9463 22.6669 20.293 22.6669C18.6396 22.6669 17.293 21.3202 17.293 19.6669V14.0269L23.293 15.3735Z\" stroke=\"white\" stroke-width=\"2\" stroke-linecap=\"round\" stroke-linejoin=\"round\"><\/path><path d=\"M29.2796 19.8269C29.1996 21.4002 27.893 22.6669 26.293 22.6669C24.6396 22.6669 23.293 21.3202 23.293 19.6669V15.3735L25.9996 15.9735C27.7596 16.3602 29.1996 17.2669 29.2796 19.8269Z\" stroke=\"white\" stroke-width=\"2\" stroke-linecap=\"round\" stroke-linejoin=\"round\"><\/path><\/svg>                <\/div>\r\n                <div class=\"xb-item--holder\">\r\n                                            <h3 class=\"xb-item--title mb-20\"><a\r\n                                    href=\"https:\/\/gmgate.com.tr\/de\/ilanlar\/isci-ilanlari\/\">Ank\u00fcndigungen zur Arbeit<\/a>\r\n                        <\/h3>\r\n                                                                <div class=\"xb-item--description\">\r\n                            Suchen Sie nach Unternehmen in Deutschland, die Personal ben\u00f6tigen.                        <\/div>\r\n                                    <\/div>\r\n            <\/div>\r\n        <\/div>\r\n        \t\t\t\t<\/div>\n\t\t\t\t<\/div>\n\t\t\t\t\t<\/div>\n\t\t<\/div>\n\t\t\t\t\t<\/div>\n\t\t<\/section>\n\t\t\t\t<section class=\"elementor-section elementor-top-section elementor-element elementor-element-e1df82f elementor-section-boxed elementor-section-height-default elementor-section-height-default\" data-id=\"e1df82f\" data-element_type=\"section\" data-e-type=\"section\">\n\t\t\t\t\t\t<div class=\"elementor-container elementor-column-gap-default\">\n\t\t\t\t\t<div class=\"elementor-column elementor-col-100 elementor-top-column elementor-element elementor-element-2bc0781\" data-id=\"2bc0781\" data-element_type=\"column\" data-e-type=\"column\">\n\t\t\t<div class=\"elementor-widget-wrap elementor-element-populated\">\n\t\t\t\t\t\t<div class=\"elementor-element elementor-element-f82889b elementor-widget elementor-widget-int-service-v2\" data-id=\"f82889b\" data-element_type=\"widget\" data-e-type=\"widget\" data-widget_type=\"int-service-v2.default\">\n\t\t\t\t<div class=\"elementor-widget-container\">\n\t\t\t\t\t        <div class=\"xb-service\">\r\n            <div class=\"xb-item--inner\">\r\n                <div class=\"xb-item--icon mb-50\">\r\n                    <svg xmlns=\"http:\/\/www.w3.org\/2000\/svg\" width=\"32\" height=\"32\" viewbox=\"0 0 32 32\" fill=\"none\"><path d=\"M16.665 29.3336H5.43833C3.89167 29.3336 2.625 28.0936 2.625 26.5736V6.78697C2.625 3.29364 5.225 1.70697 8.41167 3.26697L14.3317 6.17364C15.6117 6.8003 16.665 8.46697 16.665 9.8803V29.3336Z\" stroke=\"white\" stroke-width=\"2\" stroke-linecap=\"round\" stroke-linejoin=\"round\"><\/path><path d=\"M29.2946 20.0802V25.1202C29.2946 28.0002 27.9613 29.3336 25.0813 29.3336H16.668V13.8936L17.2946 14.0269L23.2946 15.3736L26.0013 15.9736C27.7613 16.3602 29.2013 17.2669 29.2813 19.8269C29.2946 19.9069 29.2946 19.9869 29.2946 20.0802Z\" stroke=\"white\" stroke-width=\"2\" stroke-linecap=\"round\" stroke-linejoin=\"round\"><\/path><path d=\"M7.33203 12H11.9587\" stroke=\"white\" stroke-width=\"2\" stroke-linecap=\"round\" stroke-linejoin=\"round\"><\/path><path d=\"M7.33203 17.3335H11.9587\" stroke=\"white\" stroke-width=\"2\" stroke-linecap=\"round\" stroke-linejoin=\"round\"><\/path><path d=\"M23.293 15.3735V19.6669C23.293 21.3202 21.9463 22.6669 20.293 22.6669C18.6396 22.6669 17.293 21.3202 17.293 19.6669V14.0269L23.293 15.3735Z\" stroke=\"white\" stroke-width=\"2\" stroke-linecap=\"round\" stroke-linejoin=\"round\"><\/path><path d=\"M29.2796 19.8269C29.1996 21.4002 27.893 22.6669 26.293 22.6669C24.6396 22.6669 23.293 21.3202 23.293 19.6669V15.3735L25.9996 15.9735C27.7596 16.3602 29.1996 17.2669 29.2796 19.8269Z\" stroke=\"white\" stroke-width=\"2\" stroke-linecap=\"round\" stroke-linejoin=\"round\"><\/path><\/svg>                <\/div>\r\n                <div class=\"xb-item--holder\">\r\n                                            <h3 class=\"xb-item--title mb-20\"><a\r\n                                    href=\"https:\/\/gmgate.com.tr\/de\/emlak\/\">Immobilien-Kleinanzeigen<\/a>\r\n                        <\/h3>\r\n                                                                <div class=\"xb-item--description\">\r\n                            Informieren Sie sich in unseren Immobilienanzeigen \u00fcber vorteilhafte Investitionsm\u00f6glichkeiten.                        <\/div>\r\n                                    <\/div>\r\n            <\/div>\r\n        <\/div>\r\n        \t\t\t\t<\/div>\n\t\t\t\t<\/div>\n\t\t\t\t\t<\/div>\n\t\t<\/div>\n\t\t\t\t\t<\/div>\n\t\t<\/section>\n\t\t\t\t<\/div>","protected":false},"excerpt":{"rendered":"<p>&nbsp; \u0130\u015f \u0130lanlar\u0131 Almanya&#8217;da bulunan i\u015f f\u0131rsatlar\u0131na g\u00f6z at\u0131n. \u0130\u015f\u00e7i \u0130lanlar\u0131 Almanya&#8217;da personel ihtiyac\u0131 olan i\u015fletmelere g\u00f6z at\u0131n. Emlak \u0130lanlar\u0131 Avantajl\u0131 yat\u0131r\u0131m f\u0131rsatlar\u0131 i\u00e7in emlak ilanlar\u0131m\u0131za g\u00f6z at\u0131n.<\/p>","protected":false},"author":1,"featured_media":0,"parent":0,"menu_order":0,"comment_status":"closed","ping_status":"closed","template":"","meta":{"inline_featured_image":false,"footnotes":""},"class_list":["post-2465","page","type-page","status-publish","hentry"],"_links":{"self":[{"href":"https:\/\/gmgate.com.tr\/de\/wp-json\/wp\/v2\/pages\/2465","targetHints":{"allow":["GET"]}}],"collection":[{"href":"https:\/\/gmgate.com.tr\/de\/wp-json\/wp\/v2\/pages"}],"about":[{"href":"https:\/\/gmgate.com.tr\/de\/wp-json\/wp\/v2\/types\/page"}],"author":[{"embeddable":true,"href":"https:\/\/gmgate.com.tr\/de\/wp-json\/wp\/v2\/users\/1"}],"replies":[{"embeddable":true,"href":"https:\/\/gmgate.com.tr\/de\/wp-json\/wp\/v2\/comments?post=2465"}],"version-history":[{"count":8,"href":"https:\/\/gmgate.com.tr\/de\/wp-json\/wp\/v2\/pages\/2465\/revisions"}],"predecessor-version":[{"id":2694,"href":"https:\/\/gmgate.com.tr\/de\/wp-json\/wp\/v2\/pages\/2465\/revisions\/2694"}],"wp:attachment":[{"href":"https:\/\/gmgate.com.tr\/de\/wp-json\/wp\/v2\/media?parent=2465"}],"curies":[{"name":"wp","href":"https:\/\/api.w.org\/{rel}","templated":true}]}}